{"id":8,"date":"2011-04-07T12:14:42","date_gmt":"2011-04-07T11:14:42","guid":{"rendered":"http:\/\/www.kureeri.fi\/WordPress1\/?page_id=8"},"modified":"2019-08-11T08:33:29","modified_gmt":"2019-08-11T07:33:29","slug":"kureerieasydesign","status":"publish","type":"page","link":"http:\/\/www.kureeri.fi\/WordPress1\/?page_id=8","title":{"rendered":"Kureeri&#038;Easydesign"},"content":{"rendered":"<p>Haluamme kehitt\u00e4\u00e4 ja tuottaa mielenkiintoisia ja hauskoja tuotteita arkip\u00e4iv\u00e4n ymp\u00e4rist\u00f6ihin. Kohteina voivat olla pelit ja leikit, kirjat, kodin sisustaminen, k\u00e4ytt\u00f6tavarat tai lahjatuotteet. T\u00e4rke\u00e4 osa hyv\u00e4ntuulen tuottamista on mahdollisuus muokata ja liitt\u00e4\u00e4 tuotteisiin oma persoonallinen ilme.<\/p>\n<p>Kustannusosakeyhti\u00f6 Kureeri ja Easydesign Oy<a href=\"http:\/\/www.kureeri.fi\/WordPress1\/wp-content\/uploads\/2011\/04\/OKSAPIHDIT.jpg\"><img loading=\"lazy\" class=\"alignright size-full wp-image-148\" title=\"OKSAPIHDIT\" src=\"http:\/\/www.kureeri.fi\/WordPress1\/wp-content\/uploads\/2011\/04\/OKSAPIHDIT.jpg\" alt=\"\" width=\"250\" height=\"189\" \/><\/a><br \/>\nM\u00e4ntytie 23 A 4<\/p>\n<p>00270 HELSINKI<br \/>\nFinland<br \/>\ninfo(at)kureeri.fi<br \/>\n<a href=\"http:\/\/www.kureeri.fi\">www.kureeri.fi<\/a><br \/>\n+358 40 546 0186<\/p>\n<p>Tuotanto:<br \/>\nM\u00e4ntytie 23 A<br \/>\n00270 HELSINKI<br \/>\nFinland<\/p>\n","protected":false},"excerpt":{"rendered":"<p>Haluamme kehitt\u00e4\u00e4 ja tuottaa mielenkiintoisia ja hauskoja tuotteita arkip\u00e4iv\u00e4n ymp\u00e4rist\u00f6ihin. Kohteina voivat olla pelit ja leikit, kirjat, kodin sisustaminen, k\u00e4ytt\u00f6tavarat tai lahjatuotteet. T\u00e4rke\u00e4 osa hyv\u00e4ntuulen tuottamista on mahdollisuus muokata ja liitt\u00e4\u00e4 tuotteisiin oma persoonallinen ilme. Kustannusosakeyhti\u00f6 Kureeri ja Easydesign Oy &hellip; <a href=\"http:\/\/www.kureeri.fi\/WordPress1\/?page_id=8\">Lue loppuun <span class=\"meta-nav\">&rarr;<\/span><\/a><\/p>\n","protected":false},"author":1,"featured_media":0,"parent":0,"menu_order":5,"comment_status":"closed","ping_status":"open","template":"","meta":[],"_links":{"self":[{"href":"http:\/\/www.kureeri.fi\/WordPress1\/index.php?rest_route=\/wp\/v2\/pages\/8"}],"collection":[{"href":"http:\/\/www.kureeri.fi\/WordPress1\/index.php?rest_route=\/wp\/v2\/pages"}],"about":[{"href":"http:\/\/www.kureeri.fi\/WordPress1\/index.php?rest_route=\/wp\/v2\/types\/page"}],"author":[{"embeddable":true,"href":"http:\/\/www.kureeri.fi\/WordPress1\/index.php?rest_route=\/wp\/v2\/users\/1"}],"replies":[{"embeddable":true,"href":"http:\/\/www.kureeri.fi\/WordPress1\/index.php?rest_route=%2Fwp%2Fv2%2Fcomments&post=8"}],"version-history":[{"count":12,"href":"http:\/\/www.kureeri.fi\/WordPress1\/index.php?rest_route=\/wp\/v2\/pages\/8\/revisions"}],"predecessor-version":[{"id":42,"href":"http:\/\/www.kureeri.fi\/WordPress1\/index.php?rest_route=\/wp\/v2\/pages\/8\/revisions\/42"}],"wp:attachment":[{"href":"http:\/\/www.kureeri.fi\/WordPress1\/index.php?rest_route=%2Fwp%2Fv2%2Fmedia&parent=8"}],"curies":[{"name":"wp","href":"https:\/\/api.w.org\/{rel}","templated":true}]}}