{"id":60,"date":"2011-04-07T14:41:58","date_gmt":"2011-04-07T13:41:58","guid":{"rendered":"http:\/\/www.kureeri.fi\/WordPress1\/?page_id=60"},"modified":"2011-04-12T12:42:55","modified_gmt":"2011-04-12T11:42:55","slug":"rope","status":"publish","type":"page","link":"http:\/\/www.kureeri.fi\/WordPress1\/?page_id=60","title":{"rendered":"ROPE"},"content":{"rendered":"<p style=\"text-align: center;\">ROPE \u2013 TARTU K\u00d6YTEEN!\u00a0\u00a0\u00a0\u00a0\u00a0\u00a0\u00a0\u00a0\u00a0\u00a0\u00a0\u00a0\u00a0\u00a0\u00a0\u00a0<\/p>\n<p>Hauska, helppo ja monipuolinen, sit\u00e4 kaikkea on ROPE. Uusi piha- ja puistopeli kaiken ik\u00e4isille ja -taitoisille pelaajille. Pelaaminen ei edellyt\u00e4 aikaisempaa pelikokemusta ja jokainen heittokykyinen voi menesty\u00e4 ROPESSA.<\/p>\n<p style=\"text-align: center;\">Tartu k\u00f6yteen ja n\u00e4yt\u00e4 heittotaitosi<\/p>\n<p style=\"text-align: center;\"><img loading=\"lazy\" class=\"aligncenter size-full wp-image-92\" title=\"ropekuva8pieni\" src=\"http:\/\/www.kureeri.fi\/WordPress1\/wp-content\/uploads\/2011\/04\/ropekuva8pieni.jpg\" alt=\"\" width=\"500\" height=\"401\" srcset=\"http:\/\/www.kureeri.fi\/WordPress1\/wp-content\/uploads\/2011\/04\/ropekuva8pieni.jpg 500w, http:\/\/www.kureeri.fi\/WordPress1\/wp-content\/uploads\/2011\/04\/ropekuva8pieni-300x240.jpg 300w\" sizes=\"(max-width: 500px) 100vw, 500px\" \/><\/p>\n<div class=\"mceTemp mceIEcenter\" style=\"text-align: center;\">\n<dl id=\"attachment_94\" class=\"wp-caption aligncenter\" style=\"width: 413px;\">\n<dt class=\"wp-caption-dt\"><a href=\"http:\/\/www.kureeri.fi\/WordPress1\/wp-content\/uploads\/2011\/04\/ropekuva4pieni.jpg\"><img loading=\"lazy\" class=\"size-full wp-image-94\" title=\"ropekuva4pieni\" src=\"http:\/\/www.kureeri.fi\/WordPress1\/wp-content\/uploads\/2011\/04\/ropekuva4pieni.jpg\" alt=\"\" width=\"403\" height=\"500\" srcset=\"http:\/\/www.kureeri.fi\/WordPress1\/wp-content\/uploads\/2011\/04\/ropekuva4pieni.jpg 403w, http:\/\/www.kureeri.fi\/WordPress1\/wp-content\/uploads\/2011\/04\/ropekuva4pieni-241x300.jpg 241w\" sizes=\"(max-width: 403px) 100vw, 403px\" \/><\/a><\/dt>\n<dd class=\"wp-caption-dd\">ROPE-pihapeli<\/dd>\n<\/dl>\n<\/div>\n<p style=\"text-align: center;\">HeittoROPE on hauska ja turvallinen peliv\u00e4line esimerkiksi ultimaten pelaamiseen tai rannalla heittelyyn.<\/p>\n<div class=\"mceTemp mceIEcenter\" style=\"text-align: center;\">\n<dl id=\"attachment_96\" class=\"wp-caption aligncenter\" style=\"width: 510px;\">\n<dt class=\"wp-caption-dt\"><a href=\"http:\/\/www.kureeri.fi\/WordPress1\/wp-content\/uploads\/2011\/04\/ropekuva10pieni.jpg\"><img loading=\"lazy\" class=\"size-full wp-image-96\" title=\"ropekuva10pieni\" src=\"http:\/\/www.kureeri.fi\/WordPress1\/wp-content\/uploads\/2011\/04\/ropekuva10pieni.jpg\" alt=\"\" width=\"500\" height=\"401\" srcset=\"http:\/\/www.kureeri.fi\/WordPress1\/wp-content\/uploads\/2011\/04\/ropekuva10pieni.jpg 500w, http:\/\/www.kureeri.fi\/WordPress1\/wp-content\/uploads\/2011\/04\/ropekuva10pieni-300x240.jpg 300w\" sizes=\"(max-width: 500px) 100vw, 500px\" \/><\/a><\/dt>\n<dd class=\"wp-caption-dd\">HeittoROPE<\/dd>\n<\/dl>\n<\/div>\n","protected":false},"excerpt":{"rendered":"<p>ROPE \u2013 TARTU K\u00d6YTEEN!\u00a0\u00a0\u00a0\u00a0\u00a0\u00a0\u00a0\u00a0\u00a0\u00a0\u00a0\u00a0\u00a0\u00a0\u00a0\u00a0 Hauska, helppo ja monipuolinen, sit\u00e4 kaikkea on ROPE. Uusi piha- ja puistopeli kaiken ik\u00e4isille ja -taitoisille pelaajille. Pelaaminen ei edellyt\u00e4 aikaisempaa pelikokemusta ja jokainen heittokykyinen voi menesty\u00e4 ROPESSA. Tartu k\u00f6yteen ja n\u00e4yt\u00e4 heittotaitosi ROPE-pihapeli HeittoROPE on &hellip; <a href=\"http:\/\/www.kureeri.fi\/WordPress1\/?page_id=60\">Lue loppuun <span class=\"meta-nav\">&rarr;<\/span><\/a><\/p>\n","protected":false},"author":1,"featured_media":0,"parent":58,"menu_order":0,"comment_status":"closed","ping_status":"open","template":"","meta":[],"_links":{"self":[{"href":"http:\/\/www.kureeri.fi\/WordPress1\/index.php?rest_route=\/wp\/v2\/pages\/60"}],"collection":[{"href":"http:\/\/www.kureeri.fi\/WordPress1\/index.php?rest_route=\/wp\/v2\/pages"}],"about":[{"href":"http:\/\/www.kureeri.fi\/WordPress1\/index.php?rest_route=\/wp\/v2\/types\/page"}],"author":[{"embeddable":true,"href":"http:\/\/www.kureeri.fi\/WordPress1\/index.php?rest_route=\/wp\/v2\/users\/1"}],"replies":[{"embeddable":true,"href":"http:\/\/www.kureeri.fi\/WordPress1\/index.php?rest_route=%2Fwp%2Fv2%2Fcomments&post=60"}],"version-history":[{"count":6,"href":"http:\/\/www.kureeri.fi\/WordPress1\/index.php?rest_route=\/wp\/v2\/pages\/60\/revisions"}],"predecessor-version":[{"id":191,"href":"http:\/\/www.kureeri.fi\/WordPress1\/index.php?rest_route=\/wp\/v2\/pages\/60\/revisions\/191"}],"up":[{"embeddable":true,"href":"http:\/\/www.kureeri.fi\/WordPress1\/index.php?rest_route=\/wp\/v2\/pages\/58"}],"wp:attachment":[{"href":"http:\/\/www.kureeri.fi\/WordPress1\/index.php?rest_route=%2Fwp%2Fv2%2Fmedia&parent=60"}],"curies":[{"name":"wp","href":"https:\/\/api.w.org\/{rel}","templated":true}]}}