{"id":559,"date":"2021-09-08T08:51:02","date_gmt":"2021-09-08T07:51:02","guid":{"rendered":"http:\/\/www.kureeri.fi\/WordPress1\/?page_id=559"},"modified":"2021-09-08T09:01:32","modified_gmt":"2021-09-08T08:01:32","slug":"kultakauden-taiteilijoita","status":"publish","type":"page","link":"http:\/\/www.kureeri.fi\/WordPress1\/?page_id=559","title":{"rendered":"Kultakauden taiteilijoita"},"content":{"rendered":"\n<p>Schjerfbeck, Gallen-Kallela, Simberg, J\u00e4rnefelt \u2026 Kaikki ovat tunnettuja suomalaisia kuvataitelijoita. <em>Kultakauden taiteilijoita<\/em> -peliin on valittu 14 taiteilijaa, ja jokaiselta heist\u00e4 kolme maalausta. Peliss\u00e4 on yhteens\u00e4 56 kuvakorttia. Pelin ideana on yritt\u00e4\u00e4 l\u00f6yt\u00e4\u00e4 mahdollisimman monta taiteilijakorttia ja niihin liittyv\u00e4\u00e4 teoskorttia. Eniten kortteja ker\u00e4nnyt pelaaja voittaa pelin. Tutustu Suomen kultakauden taiteeseen ja opi tuntemaan kauniita teoksia.<\/p>\n\n\n\n<p><strong><em>Helene Schjerfbeck \u2022 Akseli Gallen-Kallela \u2022<br>Albert Edelfelt \u2022 Fanny Churberg \u2022 Hjalmar Munsterhjelm \u2022<br>Ferdinand von Wright \u2022 Hugo Simberg \u2022 Maria Wiik \u2022 Eero J\u00e4rnefelt \u2022<br>Elin Danielson-Gambogi \u2022 Pekka Halonen \u2022 Gunnar Berndtson \u2022<br>Magnus Enckell \u2022 Venny Soldan-Brofeldt<\/em><\/strong><\/p>\n\n\n\n<figure class=\"wp-block-image size-full\"><a href=\"http:\/\/www.kureeri.fi\/WordPress1\/wp-content\/uploads\/2021\/09\/Taidepeli_kortit1_final.jpg\"><img loading=\"lazy\" width=\"500\" height=\"852\" src=\"http:\/\/www.kureeri.fi\/WordPress1\/wp-content\/uploads\/2021\/09\/Taidepeli_kortit1_final.jpg\" alt=\"\" class=\"wp-image-555\" srcset=\"http:\/\/www.kureeri.fi\/WordPress1\/wp-content\/uploads\/2021\/09\/Taidepeli_kortit1_final.jpg 500w, http:\/\/www.kureeri.fi\/WordPress1\/wp-content\/uploads\/2021\/09\/Taidepeli_kortit1_final-176x300.jpg 176w\" sizes=\"(max-width: 500px) 100vw, 500px\" \/><\/a><figcaption>Taidepelin kortit 1-7<\/figcaption><\/figure>\n\n\n\n<figure class=\"wp-block-image size-full\"><a href=\"http:\/\/www.kureeri.fi\/WordPress1\/wp-content\/uploads\/2021\/09\/Taidepeli_kortit2_final.jpg\"><img loading=\"lazy\" width=\"500\" height=\"850\" src=\"http:\/\/www.kureeri.fi\/WordPress1\/wp-content\/uploads\/2021\/09\/Taidepeli_kortit2_final.jpg\" alt=\"\" class=\"wp-image-553\" srcset=\"http:\/\/www.kureeri.fi\/WordPress1\/wp-content\/uploads\/2021\/09\/Taidepeli_kortit2_final.jpg 500w, http:\/\/www.kureeri.fi\/WordPress1\/wp-content\/uploads\/2021\/09\/Taidepeli_kortit2_final-176x300.jpg 176w\" sizes=\"(max-width: 500px) 100vw, 500px\" \/><\/a><figcaption>Taidepelin kortit 8-14<\/figcaption><\/figure>\n","protected":false},"excerpt":{"rendered":"<p>Schjerfbeck, Gallen-Kallela, Simberg, J\u00e4rnefelt \u2026 Kaikki ovat tunnettuja suomalaisia kuvataitelijoita. Kultakauden taiteilijoita -peliin on valittu 14 taiteilijaa, ja jokaiselta heist\u00e4 kolme maalausta. Peliss\u00e4 on yhteens\u00e4 56 kuvakorttia. Pelin ideana on yritt\u00e4\u00e4 l\u00f6yt\u00e4\u00e4 mahdollisimman monta taiteilijakorttia ja niihin liittyv\u00e4\u00e4 teoskorttia. Eniten &hellip; <a href=\"http:\/\/www.kureeri.fi\/WordPress1\/?page_id=559\">Lue loppuun <span class=\"meta-nav\">&rarr;<\/span><\/a><\/p>\n","protected":false},"author":1,"featured_media":555,"parent":151,"menu_order":0,"comment_status":"closed","ping_status":"closed","template":"","meta":[],"_links":{"self":[{"href":"http:\/\/www.kureeri.fi\/WordPress1\/index.php?rest_route=\/wp\/v2\/pages\/559"}],"collection":[{"href":"http:\/\/www.kureeri.fi\/WordPress1\/index.php?rest_route=\/wp\/v2\/pages"}],"about":[{"href":"http:\/\/www.kureeri.fi\/WordPress1\/index.php?rest_route=\/wp\/v2\/types\/page"}],"author":[{"embeddable":true,"href":"http:\/\/www.kureeri.fi\/WordPress1\/index.php?rest_route=\/wp\/v2\/users\/1"}],"replies":[{"embeddable":true,"href":"http:\/\/www.kureeri.fi\/WordPress1\/index.php?rest_route=%2Fwp%2Fv2%2Fcomments&post=559"}],"version-history":[{"count":3,"href":"http:\/\/www.kureeri.fi\/WordPress1\/index.php?rest_route=\/wp\/v2\/pages\/559\/revisions"}],"predecessor-version":[{"id":563,"href":"http:\/\/www.kureeri.fi\/WordPress1\/index.php?rest_route=\/wp\/v2\/pages\/559\/revisions\/563"}],"up":[{"embeddable":true,"href":"http:\/\/www.kureeri.fi\/WordPress1\/index.php?rest_route=\/wp\/v2\/pages\/151"}],"wp:featuredmedia":[{"embeddable":true,"href":"http:\/\/www.kureeri.fi\/WordPress1\/index.php?rest_route=\/wp\/v2\/media\/555"}],"wp:attachment":[{"href":"http:\/\/www.kureeri.fi\/WordPress1\/index.php?rest_route=%2Fwp%2Fv2%2Fmedia&parent=559"}],"curies":[{"name":"wp","href":"https:\/\/api.w.org\/{rel}","templated":true}]}}