{"id":521,"date":"2020-01-08T16:38:36","date_gmt":"2020-01-08T15:38:36","guid":{"rendered":"http:\/\/www.kureeri.fi\/WordPress1\/?page_id=521"},"modified":"2020-01-08T17:01:17","modified_gmt":"2020-01-08T16:01:17","slug":"korttipelit","status":"publish","type":"page","link":"http:\/\/www.kureeri.fi\/WordPress1\/?page_id=521","title":{"rendered":"Korttipelit"},"content":{"rendered":"\n<p><strong>Historia Soturit -korttipel<\/strong>i<\/p>\n\n\n\n<figure class=\"wp-block-image size-large\"><img loading=\"lazy\" width=\"724\" height=\"1024\" src=\"http:\/\/www.kureeri.fi\/WordPress1\/wp-content\/uploads\/2020\/01\/Historia-Soturit_esite_ED-pdf-724x1024.jpg\" alt=\"\" class=\"wp-image-528\"\/><\/figure>\n\n\n\n<p><\/p>\n\n\n\n<p> Lista\u00a0peliss\u00e4 olevista soturiryhmist\u00e4:<\/p>\n\n\n\n<p>1.\u00a0Merirosvot<\/p>\n\n\n\n<p>2.&nbsp;Viikingit<\/p>\n\n\n\n<p>3.&nbsp;Conquistadorit<\/p>\n\n\n\n<p>4.&nbsp;Amazonit<\/p>\n\n\n\n<p>5.&nbsp;Samurait<\/p>\n\n\n\n<p>6.&nbsp;Intiaanit<\/p>\n\n\n\n<p>7.&nbsp;Ritarit<\/p>\n\n\n\n<p>8.&nbsp;Roomalaiset<\/p>\n\n\n\n<p>9.&nbsp;Hakkapeliitat<\/p>\n\n\n\n<p>10.&nbsp;Mongolit<\/p>\n\n\n\n<p>11.\u00a0Atsteekit<\/p>\n\n\n\n<figure class=\"wp-block-image size-large\"><img loading=\"lazy\" width=\"722\" height=\"1024\" src=\"http:\/\/www.kureeri.fi\/WordPress1\/wp-content\/uploads\/2020\/01\/Historia-Soturit_RULES_FINSWEENG_FINAL-2-pdf-722x1024.jpg\" alt=\"\" class=\"wp-image-527\"\/><figcaption>S\u00e4\u00e4nn\u00f6t, rules<\/figcaption><\/figure>\n","protected":false},"excerpt":{"rendered":"<p>Historia Soturit -korttipeli Lista\u00a0peliss\u00e4 olevista soturiryhmist\u00e4: 1.\u00a0Merirosvot 2.&nbsp;Viikingit 3.&nbsp;Conquistadorit 4.&nbsp;Amazonit 5.&nbsp;Samurait 6.&nbsp;Intiaanit 7.&nbsp;Ritarit 8.&nbsp;Roomalaiset 9.&nbsp;Hakkapeliitat 10.&nbsp;Mongolit 11.\u00a0Atsteekit<\/p>\n","protected":false},"author":1,"featured_media":0,"parent":10,"menu_order":0,"comment_status":"closed","ping_status":"closed","template":"","meta":[],"_links":{"self":[{"href":"http:\/\/www.kureeri.fi\/WordPress1\/index.php?rest_route=\/wp\/v2\/pages\/521"}],"collection":[{"href":"http:\/\/www.kureeri.fi\/WordPress1\/index.php?rest_route=\/wp\/v2\/pages"}],"about":[{"href":"http:\/\/www.kureeri.fi\/WordPress1\/index.php?rest_route=\/wp\/v2\/types\/page"}],"author":[{"embeddable":true,"href":"http:\/\/www.kureeri.fi\/WordPress1\/index.php?rest_route=\/wp\/v2\/users\/1"}],"replies":[{"embeddable":true,"href":"http:\/\/www.kureeri.fi\/WordPress1\/index.php?rest_route=%2Fwp%2Fv2%2Fcomments&post=521"}],"version-history":[{"count":4,"href":"http:\/\/www.kureeri.fi\/WordPress1\/index.php?rest_route=\/wp\/v2\/pages\/521\/revisions"}],"predecessor-version":[{"id":529,"href":"http:\/\/www.kureeri.fi\/WordPress1\/index.php?rest_route=\/wp\/v2\/pages\/521\/revisions\/529"}],"up":[{"embeddable":true,"href":"http:\/\/www.kureeri.fi\/WordPress1\/index.php?rest_route=\/wp\/v2\/pages\/10"}],"wp:attachment":[{"href":"http:\/\/www.kureeri.fi\/WordPress1\/index.php?rest_route=%2Fwp%2Fv2%2Fmedia&parent=521"}],"curies":[{"name":"wp","href":"https:\/\/api.w.org\/{rel}","templated":true}]}}