{"id":48,"date":"2011-04-07T13:49:16","date_gmt":"2011-04-07T12:49:16","guid":{"rendered":"http:\/\/www.kureeri.fi\/WordPress1\/?page_id=48"},"modified":"2013-02-05T13:53:52","modified_gmt":"2013-02-05T12:53:52","slug":"enni-ja-annu-muistipelit","status":"publish","type":"page","link":"http:\/\/www.kureeri.fi\/WordPress1\/?page_id=48","title":{"rendered":"Enni ja Annu muistipelit"},"content":{"rendered":"<p style=\"text-align: left;\"><a href=\"http:\/\/www.kureeri.fi\/WordPress1\/wp-content\/uploads\/2011\/04\/ENNIweb.jpg\"><img loading=\"lazy\" class=\"size-full wp-image-75 alignright\" title=\"ENNIweb\" src=\"http:\/\/www.kureeri.fi\/WordPress1\/wp-content\/uploads\/2011\/04\/ENNIweb.jpg\" alt=\"\" width=\"250\" height=\"319\" srcset=\"http:\/\/www.kureeri.fi\/WordPress1\/wp-content\/uploads\/2011\/04\/ENNIweb.jpg 250w, http:\/\/www.kureeri.fi\/WordPress1\/wp-content\/uploads\/2011\/04\/ENNIweb-235x300.jpg 235w\" sizes=\"(max-width: 250px) 100vw, 250px\" \/><\/a>Enni ja Annu suurmuistipeli<\/p>\n<p style=\"text-align: left;\">Enni ja Annu suurmuistipeliss\u00e4 on 60 paria (yhteens\u00e4 120) erilaista luontoaiheista pelikorttia. Pelin avulla tulee tutuksi yleisimm\u00e4t Suomen luonnossa kasvavat sienet, marjat, puut ja kukat. Lis\u00e4ksi mukana on Enni-tytt\u00f6, \u00e4iti, is\u00e4, mummo ja sisko Annu ja kissa.<\/p>\n<p>&#8212;&#8212;&#8212;&#8212;&#8212;&#8212;&#8212;&#8212;&#8212;&#8212;&#8212;&#8212;&#8212;&#8212;&#8212;&#8212;&#8212;<\/p>\n<p>Enni mets\u00e4n sienet ja marjat-muistipeli<\/p>\n<p>Enni muistipeliss\u00e4 on 28 paria (yhteens\u00e4 56 korttia) mets\u00e4n sienist\u00e4 ja marjoista. Lis\u00e4ksi mukana ovat Enni-tytt\u00f6.<\/p>\n<p>&#8212;&#8212;&#8212;&#8212;&#8212;&#8212;&#8212;&#8212;&#8212;&#8212;&#8212;&#8212;&#8212;&#8212;&#8212;&#8212;&#8212;&#8212;&#8212;&#8212;&#8212;&#8212;&#8212;&#8212;&#8212;&#8212;&#8211;<br \/>\nAnnu mets\u00e4n kukat ja puut-muistipeli<\/p>\n<p>Annu-muistipeliss\u00e4 on 28 paria (yhteens\u00e4 56 korttia) mets\u00e4n kukista ja puista. Lis\u00e4ksi mukana ovat Annu-tytt\u00f6.<\/p>\n<p>&#8212;&#8212;&#8212;&#8212;&#8212;&#8212;&#8212;&#8212;&#8212;&#8212;&#8212;&#8212;&#8212;&#8212;&#8212;&#8212;&#8212;&#8212;&#8212;&#8212;&#8212;&#8212;&#8212;&#8212;&#8212;&#8212;-<\/p>\n<p>Annu ja mets\u00e4n el\u00e4imet-muistipeli<\/p>\n<p>Annu-muistipeliss\u00e4 on 28 paria (yhteens\u00e4 56 korttia) mets\u00e4n el\u00e4imist\u00e4. Lis\u00e4ksi mukana ovat Annu-tytt\u00f6, kissa ja mummo.<\/p>\n<p><a href=\"http:\/\/www.kureeri.fi\/WordPress1\/wp-content\/uploads\/2011\/04\/annuweb.jpg\"><img loading=\"lazy\" class=\"alignright\" title=\"annuweb\" src=\"http:\/\/www.kureeri.fi\/WordPress1\/wp-content\/uploads\/2011\/04\/annuweb.jpg\" alt=\"\" width=\"250\" height=\"221\" \/><\/a>Ik\u00e4suositus: 3-99 vuotta<br \/>\nPelin kesto: 15-30 minuuttia<br \/>\nPelaajien m\u00e4\u00e4r\u00e4: mink\u00e4 sopu antaa my\u00f6t\u00e4<\/p>\n<p>Tiedustelut <a href=\"mailto:info@kureeri.fi\">info@kureeri.fi<\/a><\/p>\n","protected":false},"excerpt":{"rendered":"<p>Enni ja Annu suurmuistipeli Enni ja Annu suurmuistipeliss\u00e4 on 60 paria (yhteens\u00e4 120) erilaista luontoaiheista pelikorttia. Pelin avulla tulee tutuksi yleisimm\u00e4t Suomen luonnossa kasvavat sienet, marjat, puut ja kukat. Lis\u00e4ksi mukana on Enni-tytt\u00f6, \u00e4iti, is\u00e4, mummo ja sisko Annu ja &hellip; <a href=\"http:\/\/www.kureeri.fi\/WordPress1\/?page_id=48\">Lue loppuun <span class=\"meta-nav\">&rarr;<\/span><\/a><\/p>\n","protected":false},"author":1,"featured_media":73,"parent":20,"menu_order":0,"comment_status":"closed","ping_status":"open","template":"","meta":[],"_links":{"self":[{"href":"http:\/\/www.kureeri.fi\/WordPress1\/index.php?rest_route=\/wp\/v2\/pages\/48"}],"collection":[{"href":"http:\/\/www.kureeri.fi\/WordPress1\/index.php?rest_route=\/wp\/v2\/pages"}],"about":[{"href":"http:\/\/www.kureeri.fi\/WordPress1\/index.php?rest_route=\/wp\/v2\/types\/page"}],"author":[{"embeddable":true,"href":"http:\/\/www.kureeri.fi\/WordPress1\/index.php?rest_route=\/wp\/v2\/users\/1"}],"replies":[{"embeddable":true,"href":"http:\/\/www.kureeri.fi\/WordPress1\/index.php?rest_route=%2Fwp%2Fv2%2Fcomments&post=48"}],"version-history":[{"count":11,"href":"http:\/\/www.kureeri.fi\/WordPress1\/index.php?rest_route=\/wp\/v2\/pages\/48\/revisions"}],"predecessor-version":[{"id":74,"href":"http:\/\/www.kureeri.fi\/WordPress1\/index.php?rest_route=\/wp\/v2\/pages\/48\/revisions\/74"}],"up":[{"embeddable":true,"href":"http:\/\/www.kureeri.fi\/WordPress1\/index.php?rest_route=\/wp\/v2\/pages\/20"}],"wp:featuredmedia":[{"embeddable":true,"href":"http:\/\/www.kureeri.fi\/WordPress1\/index.php?rest_route=\/wp\/v2\/media\/73"}],"wp:attachment":[{"href":"http:\/\/www.kureeri.fi\/WordPress1\/index.php?rest_route=%2Fwp%2Fv2%2Fmedia&parent=48"}],"curies":[{"name":"wp","href":"https:\/\/api.w.org\/{rel}","templated":true}]}}