{"id":450,"date":"2016-10-26T19:09:10","date_gmt":"2016-10-26T18:09:10","guid":{"rendered":"http:\/\/www.kureeri.fi\/WordPress1\/?page_id=450"},"modified":"2017-05-22T10:03:41","modified_gmt":"2017-05-22T09:03:41","slug":"otokka-muistipeli","status":"publish","type":"page","link":"http:\/\/www.kureeri.fi\/WordPress1\/?page_id=450","title":{"rendered":"\u00d6t\u00f6kk\u00e4-muistipeli"},"content":{"rendered":"<p>\u00d6t\u00f6k\u00e4t ovat kiehtovia, mutta joidenkin mielest\u00e4 inhottavia tai pelottavia. \u00d6t\u00f6kk\u00e4-muistipelin avulla \u00f6t\u00f6kkeihin voi tutustua pelottomasti kuvien avulla.<\/p>\n<p>Peliss\u00e4 on 56 korttia, 28 erilaista \u00f6t\u00f6kk\u00e4\u00e4. Peliohjeet suomeksi, englanniksi ja ruotsiksi.<\/p>\n<p>Ik\u00e4suositus 3+<\/p>\n<div id=\"attachment_406\" style=\"width: 520px\" class=\"wp-caption aligncenter\"><a href=\"http:\/\/www.kureeri.fi\/WordPress1\/wp-content\/uploads\/2011\/04\/\u00d6T\u00d6KK\u00c4_etiketti.jpg\"><img aria-describedby=\"caption-attachment-406\" loading=\"lazy\" class=\"size-full wp-image-406\" src=\"http:\/\/www.kureeri.fi\/WordPress1\/wp-content\/uploads\/2011\/04\/\u00d6T\u00d6KK\u00c4_etiketti.jpg\" alt=\"\u00d6t\u00f6kk\u00e4-muistipelin etiketti\" width=\"510\" height=\"431\" srcset=\"http:\/\/www.kureeri.fi\/WordPress1\/wp-content\/uploads\/2011\/04\/\u00d6T\u00d6KK\u00c4_etiketti.jpg 510w, http:\/\/www.kureeri.fi\/WordPress1\/wp-content\/uploads\/2011\/04\/\u00d6T\u00d6KK\u00c4_etiketti-300x254.jpg 300w\" sizes=\"(max-width: 510px) 100vw, 510px\" \/><\/a><p id=\"caption-attachment-406\" class=\"wp-caption-text\">\u00d6t\u00f6kk\u00e4-muistipelin etiketti<\/p><\/div>\n<p><a href=\"http:\/\/www.kureeri.fi\/WordPress1\/wp-content\/uploads\/2016\/10\/\u00d6t\u00f6kk\u00e4_pieni-1.pdf\">\u00d6t\u00f6kk\u00e4 pelikortit<\/a><\/p>\n","protected":false},"excerpt":{"rendered":"<p>\u00d6t\u00f6k\u00e4t ovat kiehtovia, mutta joidenkin mielest\u00e4 inhottavia tai pelottavia. \u00d6t\u00f6kk\u00e4-muistipelin avulla \u00f6t\u00f6kkeihin voi tutustua pelottomasti kuvien avulla. Peliss\u00e4 on 56 korttia, 28 erilaista \u00f6t\u00f6kk\u00e4\u00e4. Peliohjeet suomeksi, englanniksi ja ruotsiksi. Ik\u00e4suositus 3+ \u00d6t\u00f6kk\u00e4 pelikortit<\/p>\n","protected":false},"author":1,"featured_media":0,"parent":20,"menu_order":0,"comment_status":"closed","ping_status":"closed","template":"","meta":[],"_links":{"self":[{"href":"http:\/\/www.kureeri.fi\/WordPress1\/index.php?rest_route=\/wp\/v2\/pages\/450"}],"collection":[{"href":"http:\/\/www.kureeri.fi\/WordPress1\/index.php?rest_route=\/wp\/v2\/pages"}],"about":[{"href":"http:\/\/www.kureeri.fi\/WordPress1\/index.php?rest_route=\/wp\/v2\/types\/page"}],"author":[{"embeddable":true,"href":"http:\/\/www.kureeri.fi\/WordPress1\/index.php?rest_route=\/wp\/v2\/users\/1"}],"replies":[{"embeddable":true,"href":"http:\/\/www.kureeri.fi\/WordPress1\/index.php?rest_route=%2Fwp%2Fv2%2Fcomments&post=450"}],"version-history":[{"count":3,"href":"http:\/\/www.kureeri.fi\/WordPress1\/index.php?rest_route=\/wp\/v2\/pages\/450\/revisions"}],"predecessor-version":[{"id":464,"href":"http:\/\/www.kureeri.fi\/WordPress1\/index.php?rest_route=\/wp\/v2\/pages\/450\/revisions\/464"}],"up":[{"embeddable":true,"href":"http:\/\/www.kureeri.fi\/WordPress1\/index.php?rest_route=\/wp\/v2\/pages\/20"}],"wp:attachment":[{"href":"http:\/\/www.kureeri.fi\/WordPress1\/index.php?rest_route=%2Fwp%2Fv2%2Fmedia&parent=450"}],"curies":[{"name":"wp","href":"https:\/\/api.w.org\/{rel}","templated":true}]}}