{"id":445,"date":"2016-10-26T19:07:32","date_gmt":"2016-10-26T18:07:32","guid":{"rendered":"http:\/\/www.kureeri.fi\/WordPress1\/?page_id=445"},"modified":"2017-05-22T10:30:18","modified_gmt":"2017-05-22T09:30:18","slug":"metsan-ekosysteemipeli","status":"publish","type":"page","link":"http:\/\/www.kureeri.fi\/WordPress1\/?page_id=445","title":{"rendered":"Mets\u00e4n ekosysteemipeli"},"content":{"rendered":"<p>Mets\u00e4n ekosysteemipeli on monipuolinen ja mielenkiintoinen tietopeli. Pelin ideana on, ett\u00e4 pelaajat ker\u00e4\u00e4v\u00e4t puulajikortteja ja rakentavat sitten puiden ymp\u00e4rille ekosysteemej\u00e4 muista lajeista. Ihmisen rooli metsien ja puiden k\u00e4ytt\u00e4j\u00e4n\u00e4 on otettu huomioon peliss\u00e4. Ekosysteemipeliss\u00e4 ei vaadita ennakkotietoa metsien ekosysteemeist\u00e4, vaan pelin tarkoitus on antaa tietoa niist\u00e4 ja hahmottaa puiden monipuolista roolia luonnon monimuotoisuudessa. Pelin voittaa rakentamalla suurimman ekosysteemin.<\/p>\n<p>Peliss\u00e4 on 56 tietokorttia ja peliohjeet suomeksi ja ruotsiksi.<\/p>\n<p>Ik\u00e4suositus 4+<\/p>\n<p><a href=\"http:\/\/www.kureeri.fi\/WordPress1\/wp-content\/uploads\/2016\/10\/Mets\u00e4ekosysteemi_kortit1_web.pdf\">Mets\u00e4ekosysteemi_kortit1_web<\/a><\/p>\n<p><a href=\"http:\/\/www.kureeri.fi\/WordPress1\/wp-content\/uploads\/2016\/10\/Mets\u00e4ekosysteemi_kortit2_web.pdf\">Mets\u00e4ekosysteemi_kortit2_web<\/a><\/p>\n<p>&nbsp;<\/p>\n","protected":false},"excerpt":{"rendered":"<p>Mets\u00e4n ekosysteemipeli on monipuolinen ja mielenkiintoinen tietopeli. Pelin ideana on, ett\u00e4 pelaajat ker\u00e4\u00e4v\u00e4t puulajikortteja ja rakentavat sitten puiden ymp\u00e4rille ekosysteemej\u00e4 muista lajeista. Ihmisen rooli metsien ja puiden k\u00e4ytt\u00e4j\u00e4n\u00e4 on otettu huomioon peliss\u00e4. Ekosysteemipeliss\u00e4 ei vaadita ennakkotietoa metsien ekosysteemeist\u00e4, vaan pelin &hellip; <a href=\"http:\/\/www.kureeri.fi\/WordPress1\/?page_id=445\">Lue loppuun <span class=\"meta-nav\">&rarr;<\/span><\/a><\/p>\n","protected":false},"author":1,"featured_media":0,"parent":22,"menu_order":0,"comment_status":"closed","ping_status":"closed","template":"","meta":[],"_links":{"self":[{"href":"http:\/\/www.kureeri.fi\/WordPress1\/index.php?rest_route=\/wp\/v2\/pages\/445"}],"collection":[{"href":"http:\/\/www.kureeri.fi\/WordPress1\/index.php?rest_route=\/wp\/v2\/pages"}],"about":[{"href":"http:\/\/www.kureeri.fi\/WordPress1\/index.php?rest_route=\/wp\/v2\/types\/page"}],"author":[{"embeddable":true,"href":"http:\/\/www.kureeri.fi\/WordPress1\/index.php?rest_route=\/wp\/v2\/users\/1"}],"replies":[{"embeddable":true,"href":"http:\/\/www.kureeri.fi\/WordPress1\/index.php?rest_route=%2Fwp%2Fv2%2Fcomments&post=445"}],"version-history":[{"count":5,"href":"http:\/\/www.kureeri.fi\/WordPress1\/index.php?rest_route=\/wp\/v2\/pages\/445\/revisions"}],"predecessor-version":[{"id":474,"href":"http:\/\/www.kureeri.fi\/WordPress1\/index.php?rest_route=\/wp\/v2\/pages\/445\/revisions\/474"}],"up":[{"embeddable":true,"href":"http:\/\/www.kureeri.fi\/WordPress1\/index.php?rest_route=\/wp\/v2\/pages\/22"}],"wp:attachment":[{"href":"http:\/\/www.kureeri.fi\/WordPress1\/index.php?rest_route=%2Fwp%2Fv2%2Fmedia&parent=445"}],"curies":[{"name":"wp","href":"https:\/\/api.w.org\/{rel}","templated":true}]}}