{"id":304,"date":"2012-11-08T13:34:54","date_gmt":"2012-11-08T12:34:54","guid":{"rendered":"http:\/\/www.kureeri.fi\/WordPress1\/?page_id=304"},"modified":"2012-11-08T13:39:43","modified_gmt":"2012-11-08T12:39:43","slug":"304-2","status":"publish","type":"page","link":"http:\/\/www.kureeri.fi\/WordPress1\/?page_id=304","title":{"rendered":"Majakka-peli"},"content":{"rendered":"<p><strong><span style=\"color: #ff0000;\">Majakka- muisti-ja tietopeli<\/span><\/strong><\/p>\n<p><span style=\"color: #000000;\">Lokakuussa 2012 julkaistu majakka-aiheinen koko perheen tieto- ja muistipeli. Peliss\u00e4 on 28 kuvakorttia Suomen majakoista, mukana ovat tunnetut majakkamme kuten Bengtsk\u00e4r, M\u00e4rket, S\u00f6dersk\u00e4r, Ut\u00f6, Harmaja, Tankar jne. Kuvakortteja vastaa tietokortit, joissa on perustietoja kuvakorttien majakoista. Peli\u00e4 voidaan pelata muistipelin\u00e4 tai monimutkaisempana tieto\/kyselypelin\u00e4.<\/span><\/p>\n<p>&nbsp;<\/p>\n<div id=\"attachment_294\" style=\"width: 410px\" class=\"wp-caption alignleft\"><a href=\"http:\/\/www.kureeri.fi\/WordPress1\/wp-content\/uploads\/2011\/04\/Majakat_etikettimuovi_final.jpg\"><img aria-describedby=\"caption-attachment-294\" loading=\"lazy\" class=\"size-full wp-image-294\" title=\"Majakka-peli\" src=\"http:\/\/www.kureeri.fi\/WordPress1\/wp-content\/uploads\/2011\/04\/Majakat_etikettimuovi_final.jpg\" alt=\"\" width=\"400\" height=\"318\" srcset=\"http:\/\/www.kureeri.fi\/WordPress1\/wp-content\/uploads\/2011\/04\/Majakat_etikettimuovi_final.jpg 400w, http:\/\/www.kureeri.fi\/WordPress1\/wp-content\/uploads\/2011\/04\/Majakat_etikettimuovi_final-300x238.jpg 300w\" sizes=\"(max-width: 400px) 100vw, 400px\" \/><\/a><p id=\"caption-attachment-294\" class=\"wp-caption-text\">Kuva pelipakkauksen etiketist\u00e4<\/p><\/div>\n<p><a href=\"http:\/\/www.kureeri.fi\/WordPress1\/wp-content\/uploads\/2012\/11\/Majakat_kortti_kuvat.jpg\"><img loading=\"lazy\" class=\"size-full wp-image-306\" title=\"Majakat_kortti_kuvat\" src=\"http:\/\/www.kureeri.fi\/WordPress1\/wp-content\/uploads\/2012\/11\/Majakat_kortti_kuvat.jpg\" alt=\"\" width=\"707\" height=\"1219\" \/><\/a><\/p>\n<p>&nbsp;<\/p>\n","protected":false},"excerpt":{"rendered":"<p>Majakka- muisti-ja tietopeli Lokakuussa 2012 julkaistu majakka-aiheinen koko perheen tieto- ja muistipeli. Peliss\u00e4 on 28 kuvakorttia Suomen majakoista, mukana ovat tunnetut majakkamme kuten Bengtsk\u00e4r, M\u00e4rket, S\u00f6dersk\u00e4r, Ut\u00f6, Harmaja, Tankar jne. Kuvakortteja vastaa tietokortit, joissa on perustietoja kuvakorttien majakoista. Peli\u00e4 voidaan &hellip; <a href=\"http:\/\/www.kureeri.fi\/WordPress1\/?page_id=304\">Lue loppuun <span class=\"meta-nav\">&rarr;<\/span><\/a><\/p>\n","protected":false},"author":1,"featured_media":0,"parent":22,"menu_order":0,"comment_status":"closed","ping_status":"open","template":"","meta":[],"_links":{"self":[{"href":"http:\/\/www.kureeri.fi\/WordPress1\/index.php?rest_route=\/wp\/v2\/pages\/304"}],"collection":[{"href":"http:\/\/www.kureeri.fi\/WordPress1\/index.php?rest_route=\/wp\/v2\/pages"}],"about":[{"href":"http:\/\/www.kureeri.fi\/WordPress1\/index.php?rest_route=\/wp\/v2\/types\/page"}],"author":[{"embeddable":true,"href":"http:\/\/www.kureeri.fi\/WordPress1\/index.php?rest_route=\/wp\/v2\/users\/1"}],"replies":[{"embeddable":true,"href":"http:\/\/www.kureeri.fi\/WordPress1\/index.php?rest_route=%2Fwp%2Fv2%2Fcomments&post=304"}],"version-history":[{"count":6,"href":"http:\/\/www.kureeri.fi\/WordPress1\/index.php?rest_route=\/wp\/v2\/pages\/304\/revisions"}],"predecessor-version":[{"id":310,"href":"http:\/\/www.kureeri.fi\/WordPress1\/index.php?rest_route=\/wp\/v2\/pages\/304\/revisions\/310"}],"up":[{"embeddable":true,"href":"http:\/\/www.kureeri.fi\/WordPress1\/index.php?rest_route=\/wp\/v2\/pages\/22"}],"wp:attachment":[{"href":"http:\/\/www.kureeri.fi\/WordPress1\/index.php?rest_route=%2Fwp%2Fv2%2Fmedia&parent=304"}],"curies":[{"name":"wp","href":"https:\/\/api.w.org\/{rel}","templated":true}]}}