{"id":29,"date":"2011-04-07T12:45:48","date_gmt":"2011-04-07T11:45:48","guid":{"rendered":"http:\/\/www.kureeri.fi\/WordPress1\/?page_id=29"},"modified":"2011-04-12T12:36:03","modified_gmt":"2011-04-12T11:36:03","slug":"kirkonrotta","status":"publish","type":"page","link":"http:\/\/www.kureeri.fi\/WordPress1\/?page_id=29","title":{"rendered":"Kirkonrotta"},"content":{"rendered":"<p>Tunnettu puistoleikki on nyt saatavissa my\u00f6s vauhdikkaana lautapelin\u00e4. Kirkonrotta yritt\u00e4\u00e4 l\u00f6yt\u00e4\u00e4 piiloissa lymy\u00e4v\u00e4t pelaajat ja n\u00e4k\u00f6yhteyden saatuaan alkaa hurja kilpajuoksu kohti kotipes\u00e4\u00e4. Peli sopii koko perheen tai kaveriporukan seurapeliksi. S\u00e4\u00e4nn\u00f6t on helppo oppia, ja pelist\u00e4 on useita variaatioita, jotka lis\u00e4\u00e4v\u00e4t vaihtelun mahdollisuuksia.<\/p>\n<p>Ik\u00e4suositus: 4+ vuotta<br \/>\nPelin kesto: 30-60 minuuttia<br \/>\nPelaajien m\u00e4\u00e4r\u00e4: 3-9 henkil\u00f6\u00e4<br \/>\nPakkaus sis\u00e4lt\u00e4\u00e4<\/p>\n<p>\u2022Kirkonrotta pelilaudan<br \/>\n\u20228 puista pelinappulaa + nopan<br \/>\n\u202260 pistekorttia<br \/>\n\u2022peliohjeet<\/p>\n<p>Tiedustelut ja tilaukset <a href=\"mailto:info@kureeri.fi\">info@kureeri.fi<\/a><\/p>\n<p>Suositushinta 25\u20ac<\/p>\n<p><a href=\"http:\/\/www.kureeri.fi\/WordPress1\/wp-content\/uploads\/2011\/04\/Kirkonrottakansi4.jpg\"><img loading=\"lazy\" class=\"alignnone size-full wp-image-30\" title=\"Kirkonrottakansi\" src=\"http:\/\/www.kureeri.fi\/WordPress1\/wp-content\/uploads\/2011\/04\/Kirkonrottakansi4.jpg\" alt=\"\" width=\"359\" height=\"500\" srcset=\"http:\/\/www.kureeri.fi\/WordPress1\/wp-content\/uploads\/2011\/04\/Kirkonrottakansi4.jpg 359w, http:\/\/www.kureeri.fi\/WordPress1\/wp-content\/uploads\/2011\/04\/Kirkonrottakansi4-215x300.jpg 215w\" sizes=\"(max-width: 359px) 100vw, 359px\" \/><\/a><\/p>\n","protected":false},"excerpt":{"rendered":"<p>Tunnettu puistoleikki on nyt saatavissa my\u00f6s vauhdikkaana lautapelin\u00e4. Kirkonrotta yritt\u00e4\u00e4 l\u00f6yt\u00e4\u00e4 piiloissa lymy\u00e4v\u00e4t pelaajat ja n\u00e4k\u00f6yhteyden saatuaan alkaa hurja kilpajuoksu kohti kotipes\u00e4\u00e4. Peli sopii koko perheen tai kaveriporukan seurapeliksi. S\u00e4\u00e4nn\u00f6t on helppo oppia, ja pelist\u00e4 on useita variaatioita, jotka lis\u00e4\u00e4v\u00e4t &hellip; <a href=\"http:\/\/www.kureeri.fi\/WordPress1\/?page_id=29\">Lue loppuun <span class=\"meta-nav\">&rarr;<\/span><\/a><\/p>\n","protected":false},"author":1,"featured_media":0,"parent":18,"menu_order":0,"comment_status":"closed","ping_status":"open","template":"","meta":[],"_links":{"self":[{"href":"http:\/\/www.kureeri.fi\/WordPress1\/index.php?rest_route=\/wp\/v2\/pages\/29"}],"collection":[{"href":"http:\/\/www.kureeri.fi\/WordPress1\/index.php?rest_route=\/wp\/v2\/pages"}],"about":[{"href":"http:\/\/www.kureeri.fi\/WordPress1\/index.php?rest_route=\/wp\/v2\/types\/page"}],"author":[{"embeddable":true,"href":"http:\/\/www.kureeri.fi\/WordPress1\/index.php?rest_route=\/wp\/v2\/users\/1"}],"replies":[{"embeddable":true,"href":"http:\/\/www.kureeri.fi\/WordPress1\/index.php?rest_route=%2Fwp%2Fv2%2Fcomments&post=29"}],"version-history":[{"count":7,"href":"http:\/\/www.kureeri.fi\/WordPress1\/index.php?rest_route=\/wp\/v2\/pages\/29\/revisions"}],"predecessor-version":[{"id":175,"href":"http:\/\/www.kureeri.fi\/WordPress1\/index.php?rest_route=\/wp\/v2\/pages\/29\/revisions\/175"}],"up":[{"embeddable":true,"href":"http:\/\/www.kureeri.fi\/WordPress1\/index.php?rest_route=\/wp\/v2\/pages\/18"}],"wp:attachment":[{"href":"http:\/\/www.kureeri.fi\/WordPress1\/index.php?rest_route=%2Fwp%2Fv2%2Fmedia&parent=29"}],"curies":[{"name":"wp","href":"https:\/\/api.w.org\/{rel}","templated":true}]}}