{"id":274,"date":"2012-06-10T09:34:27","date_gmt":"2012-06-10T08:34:27","guid":{"rendered":"http:\/\/www.kureeri.fi\/WordPress1\/?page_id=274"},"modified":"2012-06-10T09:36:58","modified_gmt":"2012-06-10T08:36:58","slug":"tuotteet-kampanjoihin-ja-yhdistyksille","status":"publish","type":"page","link":"http:\/\/www.kureeri.fi\/WordPress1\/?page_id=274","title":{"rendered":"Kampanjat ja yhdistykset"},"content":{"rendered":"<h4><span style=\"color: #808000;\">Teemme tilanteeseen tai tilaisuuteen sopivia tuotteita ja ratkaisuja. Voimme tehd\u00e4 pieni\u00e4 tai suuria sarjoja tarpeen mukaan. Yksitt\u00e4isi\u00e4 kappaleita vaikkapa sukujuhliin tai suurempia m\u00e4\u00e4ri\u00e4 esimerkiksi vaalikampanjoihin. <\/span><\/h4>\n<p>Toimintamallimme on hyvin yksinkertainen:<\/p>\n<p>1. Ota yhteytt\u00e4 ja kerro tarpeesi ja ideasi.<\/p>\n<p>2. Kerromme ratkaisumahdollisuudet, hinnat ja toimitusehdot. Lis\u00e4ksi\u00a0suosittelemme mielest\u00e4mme parasta vaihtoehtoa.<\/p>\n<p>3. Teemme valitun vaihtoehdon mukaisen tuotteen ja ratkaisun asiakkaan kanssa sovitulla tavalla.<\/p>\n<p><span style=\"color: #ff6600;\">Katso esimerkki HOK-Elanto vaaleihin tehdyst\u00e4 kampanjaratkaisusta:<\/span><\/p>\n<div id=\"attachment_279\" style=\"width: 510px\" class=\"wp-caption aligncenter\"><a href=\"http:\/\/www.kureeri.fi\/WordPress1\/wp-content\/uploads\/2012\/06\/Matti_kortit_final.jpg\"><img aria-describedby=\"caption-attachment-279\" loading=\"lazy\" class=\"size-full wp-image-279\" title=\"HOK-Elanto kortit\" src=\"http:\/\/www.kureeri.fi\/WordPress1\/wp-content\/uploads\/2012\/06\/Matti_kortit_final.jpg\" alt=\"\" width=\"500\" height=\"789\" srcset=\"http:\/\/www.kureeri.fi\/WordPress1\/wp-content\/uploads\/2012\/06\/Matti_kortit_final.jpg 500w, http:\/\/www.kureeri.fi\/WordPress1\/wp-content\/uploads\/2012\/06\/Matti_kortit_final-190x300.jpg 190w\" sizes=\"(max-width: 500px) 100vw, 500px\" \/><\/a><p id=\"caption-attachment-279\" class=\"wp-caption-text\">Kampanjapeli HOK-Elanto- vaaleissa<\/p><\/div>\n","protected":false},"excerpt":{"rendered":"<p>Teemme tilanteeseen tai tilaisuuteen sopivia tuotteita ja ratkaisuja. Voimme tehd\u00e4 pieni\u00e4 tai suuria sarjoja tarpeen mukaan. Yksitt\u00e4isi\u00e4 kappaleita vaikkapa sukujuhliin tai suurempia m\u00e4\u00e4ri\u00e4 esimerkiksi vaalikampanjoihin. Toimintamallimme on hyvin yksinkertainen: 1. Ota yhteytt\u00e4 ja kerro tarpeesi ja ideasi. 2. Kerromme ratkaisumahdollisuudet, &hellip; <a href=\"http:\/\/www.kureeri.fi\/WordPress1\/?page_id=274\">Lue loppuun <span class=\"meta-nav\">&rarr;<\/span><\/a><\/p>\n","protected":false},"author":1,"featured_media":0,"parent":14,"menu_order":0,"comment_status":"closed","ping_status":"open","template":"","meta":[],"_links":{"self":[{"href":"http:\/\/www.kureeri.fi\/WordPress1\/index.php?rest_route=\/wp\/v2\/pages\/274"}],"collection":[{"href":"http:\/\/www.kureeri.fi\/WordPress1\/index.php?rest_route=\/wp\/v2\/pages"}],"about":[{"href":"http:\/\/www.kureeri.fi\/WordPress1\/index.php?rest_route=\/wp\/v2\/types\/page"}],"author":[{"embeddable":true,"href":"http:\/\/www.kureeri.fi\/WordPress1\/index.php?rest_route=\/wp\/v2\/users\/1"}],"replies":[{"embeddable":true,"href":"http:\/\/www.kureeri.fi\/WordPress1\/index.php?rest_route=%2Fwp%2Fv2%2Fcomments&post=274"}],"version-history":[{"count":7,"href":"http:\/\/www.kureeri.fi\/WordPress1\/index.php?rest_route=\/wp\/v2\/pages\/274\/revisions"}],"predecessor-version":[{"id":282,"href":"http:\/\/www.kureeri.fi\/WordPress1\/index.php?rest_route=\/wp\/v2\/pages\/274\/revisions\/282"}],"up":[{"embeddable":true,"href":"http:\/\/www.kureeri.fi\/WordPress1\/index.php?rest_route=\/wp\/v2\/pages\/14"}],"wp:attachment":[{"href":"http:\/\/www.kureeri.fi\/WordPress1\/index.php?rest_route=%2Fwp%2Fv2%2Fmedia&parent=274"}],"curies":[{"name":"wp","href":"https:\/\/api.w.org\/{rel}","templated":true}]}}