{"id":24,"date":"2011-04-07T12:24:12","date_gmt":"2011-04-07T11:24:12","guid":{"rendered":"http:\/\/www.kureeri.fi\/WordPress1\/?page_id=24"},"modified":"2013-02-05T13:59:26","modified_gmt":"2013-02-05T12:59:26","slug":"nokkeluutio","status":"publish","type":"page","link":"http:\/\/www.kureeri.fi\/WordPress1\/?page_id=24","title":{"rendered":"Nokkeluutio"},"content":{"rendered":"<h2 style=\"text-align: center;\"><a href=\"http:\/\/www.kureeri.fi\/WordPress1\/wp-content\/uploads\/2011\/04\/nokkeluutiojokeri.jpg\"><img loading=\"lazy\" class=\"alignleft size-full wp-image-140\" title=\"nokkeluutiojokeri\" src=\"http:\/\/www.kureeri.fi\/WordPress1\/wp-content\/uploads\/2011\/04\/nokkeluutiojokeri.jpg\" alt=\"\" width=\"150\" height=\"154\" \/><\/a><a href=\"http:\/\/www.kureeri.fi\/WordPress1\/wp-content\/uploads\/2011\/04\/nokkeluutio2.jpg\"><img loading=\"lazy\" class=\"alignright size-thumbnail wp-image-82\" title=\"nokkeluutio2\" src=\"http:\/\/www.kureeri.fi\/WordPress1\/wp-content\/uploads\/2011\/04\/nokkeluutio2-150x150.jpg\" alt=\"\" width=\"150\" height=\"150\" \/><\/a><span style=\"color: #ff0000;\">NOKKELUUTIO \u2013 strategiapeli numeroilla<\/span><\/h2>\n<p style=\"text-align: left;\"><span style=\"color: #ff0000;\">\u00a0<\/span><\/p>\n<p style=\"text-align: left;\">\u00a0<\/p>\n<p style=\"text-align: left;\">\u00a0<\/p>\n<p style=\"text-align: left;\">Nokkeluutio on monipuolinen strategiapeli, joka kehitt\u00e4\u00e4 p\u00e4\u00e4ttely- ja laskutaitoja. Peliss\u00e4 tarvitaan nokkeluutta, muistia, yksinkertaista laskutaitoa ja hyv\u00e4\u00e4 pelisilm\u00e4\u00e4. Nokkeluution peli-ideana on rakentaa py\u00f6reiden numerokorttien avulla mahdollisimman pitki\u00e4 lukusarjoja ja saada siten ker\u00e4tty\u00e4 muita pelaajia enemm\u00e4n pisteit\u00e4. Peli soveltuu erinomaisesti koko perheen peliksi, sill\u00e4 kaikkein pienimpi\u00e4 pelaajia voi auttaa laskutoimituksissa pelij\u00e4nnityksen siit\u00e4 k\u00e4rsim\u00e4tt\u00e4.<\/p>\n<p style=\"text-align: center;\"><a href=\"http:\/\/www.kureeri.fi\/WordPress1\/wp-content\/uploads\/2011\/04\/nokkeluutio4web.jpg\"><img loading=\"lazy\" class=\"alignnone size-full wp-image-141\" title=\"nokkeluutio4web\" src=\"http:\/\/www.kureeri.fi\/WordPress1\/wp-content\/uploads\/2011\/04\/nokkeluutio4web.jpg\" alt=\"\" width=\"554\" height=\"500\" srcset=\"http:\/\/www.kureeri.fi\/WordPress1\/wp-content\/uploads\/2011\/04\/nokkeluutio4web.jpg 554w, http:\/\/www.kureeri.fi\/WordPress1\/wp-content\/uploads\/2011\/04\/nokkeluutio4web-300x270.jpg 300w\" sizes=\"(max-width: 554px) 100vw, 554px\" \/><\/a><\/p>\n","protected":false},"excerpt":{"rendered":"<p>NOKKELUUTIO \u2013 strategiapeli numeroilla \u00a0 \u00a0 \u00a0 Nokkeluutio on monipuolinen strategiapeli, joka kehitt\u00e4\u00e4 p\u00e4\u00e4ttely- ja laskutaitoja. Peliss\u00e4 tarvitaan nokkeluutta, muistia, yksinkertaista laskutaitoa ja hyv\u00e4\u00e4 pelisilm\u00e4\u00e4. Nokkeluution peli-ideana on rakentaa py\u00f6reiden numerokorttien avulla mahdollisimman pitki\u00e4 lukusarjoja ja saada siten ker\u00e4tty\u00e4 muita &hellip; <a href=\"http:\/\/www.kureeri.fi\/WordPress1\/?page_id=24\">Lue loppuun <span class=\"meta-nav\">&rarr;<\/span><\/a><\/p>\n","protected":false},"author":1,"featured_media":0,"parent":22,"menu_order":0,"comment_status":"closed","ping_status":"open","template":"","meta":[],"_links":{"self":[{"href":"http:\/\/www.kureeri.fi\/WordPress1\/index.php?rest_route=\/wp\/v2\/pages\/24"}],"collection":[{"href":"http:\/\/www.kureeri.fi\/WordPress1\/index.php?rest_route=\/wp\/v2\/pages"}],"about":[{"href":"http:\/\/www.kureeri.fi\/WordPress1\/index.php?rest_route=\/wp\/v2\/types\/page"}],"author":[{"embeddable":true,"href":"http:\/\/www.kureeri.fi\/WordPress1\/index.php?rest_route=\/wp\/v2\/users\/1"}],"replies":[{"embeddable":true,"href":"http:\/\/www.kureeri.fi\/WordPress1\/index.php?rest_route=%2Fwp%2Fv2%2Fcomments&post=24"}],"version-history":[{"count":13,"href":"http:\/\/www.kureeri.fi\/WordPress1\/index.php?rest_route=\/wp\/v2\/pages\/24\/revisions"}],"predecessor-version":[{"id":326,"href":"http:\/\/www.kureeri.fi\/WordPress1\/index.php?rest_route=\/wp\/v2\/pages\/24\/revisions\/326"}],"up":[{"embeddable":true,"href":"http:\/\/www.kureeri.fi\/WordPress1\/index.php?rest_route=\/wp\/v2\/pages\/22"}],"wp:attachment":[{"href":"http:\/\/www.kureeri.fi\/WordPress1\/index.php?rest_route=%2Fwp%2Fv2%2Fmedia&parent=24"}],"curies":[{"name":"wp","href":"https:\/\/api.w.org\/{rel}","templated":true}]}}