{"id":22,"date":"2011-04-07T12:23:48","date_gmt":"2011-04-07T11:23:48","guid":{"rendered":"http:\/\/www.kureeri.fi\/WordPress1\/?page_id=22"},"modified":"2017-05-22T10:07:10","modified_gmt":"2017-05-22T09:07:10","slug":"tietotaktiikkapelit","status":"publish","type":"page","link":"http:\/\/www.kureeri.fi\/WordPress1\/?page_id=22","title":{"rendered":"Tieto\/taktiikkapelit"},"content":{"rendered":"<p>Tieto- ja taktiikkapelit ovat tavallisia muistipelej\u00e4 kehittyneempi\u00e4 ja monimutkaisempia pelej\u00e4. Niit\u00e4 pelataan \u00a0osittain samalla tekniikalla kuin muistipelej\u00e4, kortteja k\u00e4\u00e4nt\u00e4m\u00e4ll\u00e4 p\u00f6yd\u00e4st\u00e4 nostamalla. Mutta pelilogiikka on haastavampi ja tietosis\u00e4lt\u00f6 monipuolisempi.<\/p>\n","protected":false},"excerpt":{"rendered":"<p>Tieto- ja taktiikkapelit ovat tavallisia muistipelej\u00e4 kehittyneempi\u00e4 ja monimutkaisempia pelej\u00e4. Niit\u00e4 pelataan \u00a0osittain samalla tekniikalla kuin muistipelej\u00e4, kortteja k\u00e4\u00e4nt\u00e4m\u00e4ll\u00e4 p\u00f6yd\u00e4st\u00e4 nostamalla. Mutta pelilogiikka on haastavampi ja tietosis\u00e4lt\u00f6 monipuolisempi.<\/p>\n","protected":false},"author":1,"featured_media":0,"parent":10,"menu_order":0,"comment_status":"closed","ping_status":"open","template":"","meta":[],"_links":{"self":[{"href":"http:\/\/www.kureeri.fi\/WordPress1\/index.php?rest_route=\/wp\/v2\/pages\/22"}],"collection":[{"href":"http:\/\/www.kureeri.fi\/WordPress1\/index.php?rest_route=\/wp\/v2\/pages"}],"about":[{"href":"http:\/\/www.kureeri.fi\/WordPress1\/index.php?rest_route=\/wp\/v2\/types\/page"}],"author":[{"embeddable":true,"href":"http:\/\/www.kureeri.fi\/WordPress1\/index.php?rest_route=\/wp\/v2\/users\/1"}],"replies":[{"embeddable":true,"href":"http:\/\/www.kureeri.fi\/WordPress1\/index.php?rest_route=%2Fwp%2Fv2%2Fcomments&post=22"}],"version-history":[{"count":3,"href":"http:\/\/www.kureeri.fi\/WordPress1\/index.php?rest_route=\/wp\/v2\/pages\/22\/revisions"}],"predecessor-version":[{"id":466,"href":"http:\/\/www.kureeri.fi\/WordPress1\/index.php?rest_route=\/wp\/v2\/pages\/22\/revisions\/466"}],"up":[{"embeddable":true,"href":"http:\/\/www.kureeri.fi\/WordPress1\/index.php?rest_route=\/wp\/v2\/pages\/10"}],"wp:attachment":[{"href":"http:\/\/www.kureeri.fi\/WordPress1\/index.php?rest_route=%2Fwp%2Fv2%2Fmedia&parent=22"}],"curies":[{"name":"wp","href":"https:\/\/api.w.org\/{rel}","templated":true}]}}