{"id":20,"date":"2011-04-07T12:23:10","date_gmt":"2011-04-07T11:23:10","guid":{"rendered":"http:\/\/www.kureeri.fi\/WordPress1\/?page_id=20"},"modified":"2020-01-08T17:03:29","modified_gmt":"2020-01-08T16:03:29","slug":"muistipelit","status":"publish","type":"page","link":"http:\/\/www.kureeri.fi\/WordPress1\/?page_id=20","title":{"rendered":"Muistipelit"},"content":{"rendered":"<h1 style=\"text-align: center;\"><span style=\"color: #999999;\">MEMO \u2013 Pelaako muistisi?\u00a0\u00a0\u00a0\u00a0\u00a0<\/span><\/h1>\n<p>Muisti, joka s\u00e4ilytt\u00e4\u00e4 jokaisen henkil\u00f6kohtaisen historian, on aina varjelemisen ja kehitt\u00e4misen arvoinen. Harvoin tulee miettineeksi muistin merkityst\u00e4, ennen kuin muisti heikkenee tai sen jopa menett\u00e4\u00e4 kokonaan. Lapsen muisti on aikuisen n\u00e4k\u00f6kulmasta k\u00e4sitt\u00e4m\u00e4t\u00f6n. Kuinka paljon ja mit\u00e4tt\u00f6mi\u00e4 asioita lapsen muistiin uppoaa. Aikuinen joutuu helposti painamaan asioita mieleen useaan kertaan siin\u00e4 miss\u00e4 lapsen tuore muisti selvi\u00e4\u00e4 yhdell\u00e4 kerralla. Erityisen hyvin t\u00e4m\u00e4 selvi\u00e4\u00e4 muistipeli\u00e4 pelaamalla. Viisi- tai kuusivuotias lapsi on t\u00e4ysiverinen vastustaja aikuiselle pelaajalle. Harmittaako? Luultavasti, mutta asialle voi tehd\u00e4 jotakin. Muistia voi kehitt\u00e4\u00e4 ja yll\u00e4pit\u00e4\u00e4. E D &#8211; muistipeleist\u00e4 l\u00f6ytyy erilaisia, my\u00f6s aikuisille sopivia muistia kehitt\u00e4vi\u00e4 pelej\u00e4.<\/p>\n<p style=\"text-align: center;\">Korkkaa purkki ja kokeile pelaako muistisi!<\/p>\n<div id=\"attachment_63\" style=\"width: 510px\" class=\"wp-caption alignnone\"><a href=\"http:\/\/www.kureeri.fi\/WordPress1\/wp-content\/uploads\/2011\/04\/mymemo_presis-2.jpg\"><img aria-describedby=\"caption-attachment-63\" loading=\"lazy\" class=\"size-full wp-image-63\" title=\"mymemo_presis-(2)\" src=\"http:\/\/www.kureeri.fi\/WordPress1\/wp-content\/uploads\/2011\/04\/mymemo_presis-2.jpg\" alt=\"Helsinki-muistipeli\" width=\"500\" height=\"353\" srcset=\"http:\/\/www.kureeri.fi\/WordPress1\/wp-content\/uploads\/2011\/04\/mymemo_presis-2.jpg 500w, http:\/\/www.kureeri.fi\/WordPress1\/wp-content\/uploads\/2011\/04\/mymemo_presis-2-300x211.jpg 300w\" sizes=\"(max-width: 500px) 100vw, 500px\" \/><\/a><p id=\"caption-attachment-63\" class=\"wp-caption-text\">Helsinki-muistipeli<\/p><\/div>\n<p>TEEMAT<\/p>\n<p>Kulttuuripelit:<\/p>\n<p>Helsinki<br \/>\nSuomen urheilun sankarit (Suomen Urheilumuseo)<br \/>\nSuomalaisen muotoilun klassikot (Designmuseo)<\/p>\n<p>Luontopelit:<\/p>\n<p>Enni ja Annu -muistipelit<br \/>\nEl\u00e4imet-muistipeli<a href=\"http:\/\/www.kureeri.fi\/WordPress1\/wp-content\/uploads\/2011\/04\/elaimet_kuvat2.jpg\"><img loading=\"lazy\" class=\"alignright size-full wp-image-87\" title=\"elaimet_kuvat2\" src=\"http:\/\/www.kureeri.fi\/WordPress1\/wp-content\/uploads\/2011\/04\/elaimet_kuvat2.jpg\" alt=\"\" width=\"300\" height=\"305\" srcset=\"http:\/\/www.kureeri.fi\/WordPress1\/wp-content\/uploads\/2011\/04\/elaimet_kuvat2.jpg 300w, http:\/\/www.kureeri.fi\/WordPress1\/wp-content\/uploads\/2011\/04\/elaimet_kuvat2-295x300.jpg 295w\" sizes=\"(max-width: 300px) 100vw, 300px\" \/><\/a><\/p>\n","protected":false},"excerpt":{"rendered":"<p>MEMO \u2013 Pelaako muistisi?\u00a0\u00a0\u00a0\u00a0\u00a0 Muisti, joka s\u00e4ilytt\u00e4\u00e4 jokaisen henkil\u00f6kohtaisen historian, on aina varjelemisen ja kehitt\u00e4misen arvoinen. Harvoin tulee miettineeksi muistin merkityst\u00e4, ennen kuin muisti heikkenee tai sen jopa menett\u00e4\u00e4 kokonaan. Lapsen muisti on aikuisen n\u00e4k\u00f6kulmasta k\u00e4sitt\u00e4m\u00e4t\u00f6n. Kuinka paljon ja mit\u00e4tt\u00f6mi\u00e4 &hellip; <a href=\"http:\/\/www.kureeri.fi\/WordPress1\/?page_id=20\">Lue loppuun <span class=\"meta-nav\">&rarr;<\/span><\/a><\/p>\n","protected":false},"author":1,"featured_media":87,"parent":10,"menu_order":0,"comment_status":"closed","ping_status":"open","template":"","meta":[],"_links":{"self":[{"href":"http:\/\/www.kureeri.fi\/WordPress1\/index.php?rest_route=\/wp\/v2\/pages\/20"}],"collection":[{"href":"http:\/\/www.kureeri.fi\/WordPress1\/index.php?rest_route=\/wp\/v2\/pages"}],"about":[{"href":"http:\/\/www.kureeri.fi\/WordPress1\/index.php?rest_route=\/wp\/v2\/types\/page"}],"author":[{"embeddable":true,"href":"http:\/\/www.kureeri.fi\/WordPress1\/index.php?rest_route=\/wp\/v2\/users\/1"}],"replies":[{"embeddable":true,"href":"http:\/\/www.kureeri.fi\/WordPress1\/index.php?rest_route=%2Fwp%2Fv2%2Fcomments&post=20"}],"version-history":[{"count":14,"href":"http:\/\/www.kureeri.fi\/WordPress1\/index.php?rest_route=\/wp\/v2\/pages\/20\/revisions"}],"predecessor-version":[{"id":530,"href":"http:\/\/www.kureeri.fi\/WordPress1\/index.php?rest_route=\/wp\/v2\/pages\/20\/revisions\/530"}],"up":[{"embeddable":true,"href":"http:\/\/www.kureeri.fi\/WordPress1\/index.php?rest_route=\/wp\/v2\/pages\/10"}],"wp:featuredmedia":[{"embeddable":true,"href":"http:\/\/www.kureeri.fi\/WordPress1\/index.php?rest_route=\/wp\/v2\/media\/87"}],"wp:attachment":[{"href":"http:\/\/www.kureeri.fi\/WordPress1\/index.php?rest_route=%2Fwp%2Fv2%2Fmedia&parent=20"}],"curies":[{"name":"wp","href":"https:\/\/api.w.org\/{rel}","templated":true}]}}