{"id":18,"date":"2011-04-07T12:22:41","date_gmt":"2011-04-07T11:22:41","guid":{"rendered":"http:\/\/www.kureeri.fi\/WordPress1\/?page_id=18"},"modified":"2011-04-10T11:51:11","modified_gmt":"2011-04-10T10:51:11","slug":"lautapelit","status":"publish","type":"page","link":"http:\/\/www.kureeri.fi\/WordPress1\/?page_id=18","title":{"rendered":"Lautapelit"},"content":{"rendered":"<p>Lautapelit ovat s\u00e4ilytt\u00e4neet suosionsa tietokone- ja konsolipelien puristuksessa. Lautapelien pelaaminen on\u00a0mukavaa sosiaalista ajanvietett\u00e4. Valikoimissamme on t\u00e4ll\u00e4 hetkell\u00e4 kolme mielenkiintoista lautapeli\u00e4: Kirkonrotta, Lost in Tokyo &#8211; kateissa Tokiossa ja Ocean Race &#8211; purjehduskilpailu valtamerill\u00e4.<a href=\"http:\/\/www.kureeri.fi\/WordPress1\/wp-content\/uploads\/2011\/04\/NOPPAweb.jpg\"><img loading=\"lazy\" class=\"alignright size-full wp-image-100\" title=\"NOPPAweb\" src=\"http:\/\/www.kureeri.fi\/WordPress1\/wp-content\/uploads\/2011\/04\/NOPPAweb.jpg\" alt=\"\" width=\"250\" height=\"254\" \/><\/a><\/p>\n","protected":false},"excerpt":{"rendered":"<p>Lautapelit ovat s\u00e4ilytt\u00e4neet suosionsa tietokone- ja konsolipelien puristuksessa. Lautapelien pelaaminen on\u00a0mukavaa sosiaalista ajanvietett\u00e4. Valikoimissamme on t\u00e4ll\u00e4 hetkell\u00e4 kolme mielenkiintoista lautapeli\u00e4: Kirkonrotta, Lost in Tokyo &#8211; kateissa Tokiossa ja Ocean Race &#8211; purjehduskilpailu valtamerill\u00e4.<\/p>\n","protected":false},"author":1,"featured_media":0,"parent":10,"menu_order":0,"comment_status":"closed","ping_status":"open","template":"","meta":[],"_links":{"self":[{"href":"http:\/\/www.kureeri.fi\/WordPress1\/index.php?rest_route=\/wp\/v2\/pages\/18"}],"collection":[{"href":"http:\/\/www.kureeri.fi\/WordPress1\/index.php?rest_route=\/wp\/v2\/pages"}],"about":[{"href":"http:\/\/www.kureeri.fi\/WordPress1\/index.php?rest_route=\/wp\/v2\/types\/page"}],"author":[{"embeddable":true,"href":"http:\/\/www.kureeri.fi\/WordPress1\/index.php?rest_route=\/wp\/v2\/users\/1"}],"replies":[{"embeddable":true,"href":"http:\/\/www.kureeri.fi\/WordPress1\/index.php?rest_route=%2Fwp%2Fv2%2Fcomments&post=18"}],"version-history":[{"count":5,"href":"http:\/\/www.kureeri.fi\/WordPress1\/index.php?rest_route=\/wp\/v2\/pages\/18\/revisions"}],"predecessor-version":[{"id":99,"href":"http:\/\/www.kureeri.fi\/WordPress1\/index.php?rest_route=\/wp\/v2\/pages\/18\/revisions\/99"}],"up":[{"embeddable":true,"href":"http:\/\/www.kureeri.fi\/WordPress1\/index.php?rest_route=\/wp\/v2\/pages\/10"}],"wp:attachment":[{"href":"http:\/\/www.kureeri.fi\/WordPress1\/index.php?rest_route=%2Fwp%2Fv2%2Fmedia&parent=18"}],"curies":[{"name":"wp","href":"https:\/\/api.w.org\/{rel}","templated":true}]}}