{"id":135,"date":"2011-04-08T08:57:01","date_gmt":"2011-04-08T07:57:01","guid":{"rendered":"http:\/\/www.kureeri.fi\/WordPress1\/?page_id=135"},"modified":"2011-04-12T12:43:34","modified_gmt":"2011-04-12T11:43:34","slug":"puut-peli","status":"publish","type":"page","link":"http:\/\/www.kureeri.fi\/WordPress1\/?page_id=135","title":{"rendered":"PUUT-peli"},"content":{"rendered":"<p>PUUT-tieto- ja taktiikkapeliss\u00e4 on 28 erilaista (56 yhteens\u00e4) kaunista py\u00f6re\u00e4\u00e4 korttia Suomessa kasvavista luonnonvaraisista puista. Mukana on 14 eri puulajia ja jokaisesta lajista on nelj\u00e4 erilaista korttia. Pelin ideana on ker\u00e4t\u00e4 mahdollisimman monen lajin kaikki kortit itselleen. Peliss\u00e4 tarvitaan hyv\u00e4\u00e4 muistia, nokkeluutta ja puulajien tunteminen saattaa auttaa oikeiden korttien valitsemisessa. PUUT-tieto-ja taktiikkapeli sopii hyvin koko perheen peliksi.<\/p>\n<p><a href=\"http:\/\/www.kureeri.fi\/WordPress1\/wp-content\/uploads\/2011\/04\/PUUT_etiketti.jpg\"><img loading=\"lazy\" class=\"aligncenter size-full wp-image-122\" title=\"PUUT_etiketti\" src=\"http:\/\/www.kureeri.fi\/WordPress1\/wp-content\/uploads\/2011\/04\/PUUT_etiketti.jpg\" alt=\"\" width=\"500\" height=\"297\" srcset=\"http:\/\/www.kureeri.fi\/WordPress1\/wp-content\/uploads\/2011\/04\/PUUT_etiketti.jpg 500w, http:\/\/www.kureeri.fi\/WordPress1\/wp-content\/uploads\/2011\/04\/PUUT_etiketti-300x178.jpg 300w\" sizes=\"(max-width: 500px) 100vw, 500px\" \/><\/a><\/p>\n<p><a href=\"http:\/\/www.kureeri.fi\/WordPress1\/wp-content\/uploads\/2011\/04\/tuotemerkinnat_elaimet1.jpg\"><img loading=\"lazy\" class=\"aligncenter size-full wp-image-105\" title=\"tuotemerkinnat_elaimet\" src=\"http:\/\/www.kureeri.fi\/WordPress1\/wp-content\/uploads\/2011\/04\/tuotemerkinnat_elaimet1.jpg\" alt=\"tuotemerkinn\u00e4t Blanko\" width=\"500\" height=\"171\" srcset=\"http:\/\/www.kureeri.fi\/WordPress1\/wp-content\/uploads\/2011\/04\/tuotemerkinnat_elaimet1.jpg 500w, http:\/\/www.kureeri.fi\/WordPress1\/wp-content\/uploads\/2011\/04\/tuotemerkinnat_elaimet1-300x102.jpg 300w\" sizes=\"(max-width: 500px) 100vw, 500px\" \/><\/a><\/p>\n","protected":false},"excerpt":{"rendered":"<p>PUUT-tieto- ja taktiikkapeliss\u00e4 on 28 erilaista (56 yhteens\u00e4) kaunista py\u00f6re\u00e4\u00e4 korttia Suomessa kasvavista luonnonvaraisista puista. Mukana on 14 eri puulajia ja jokaisesta lajista on nelj\u00e4 erilaista korttia. Pelin ideana on ker\u00e4t\u00e4 mahdollisimman monen lajin kaikki kortit itselleen. Peliss\u00e4 tarvitaan hyv\u00e4\u00e4 &hellip; <a href=\"http:\/\/www.kureeri.fi\/WordPress1\/?page_id=135\">Lue loppuun <span class=\"meta-nav\">&rarr;<\/span><\/a><\/p>\n","protected":false},"author":1,"featured_media":0,"parent":22,"menu_order":0,"comment_status":"closed","ping_status":"open","template":"","meta":[],"_links":{"self":[{"href":"http:\/\/www.kureeri.fi\/WordPress1\/index.php?rest_route=\/wp\/v2\/pages\/135"}],"collection":[{"href":"http:\/\/www.kureeri.fi\/WordPress1\/index.php?rest_route=\/wp\/v2\/pages"}],"about":[{"href":"http:\/\/www.kureeri.fi\/WordPress1\/index.php?rest_route=\/wp\/v2\/types\/page"}],"author":[{"embeddable":true,"href":"http:\/\/www.kureeri.fi\/WordPress1\/index.php?rest_route=\/wp\/v2\/users\/1"}],"replies":[{"embeddable":true,"href":"http:\/\/www.kureeri.fi\/WordPress1\/index.php?rest_route=%2Fwp%2Fv2%2Fcomments&post=135"}],"version-history":[{"count":9,"href":"http:\/\/www.kureeri.fi\/WordPress1\/index.php?rest_route=\/wp\/v2\/pages\/135\/revisions"}],"predecessor-version":[{"id":193,"href":"http:\/\/www.kureeri.fi\/WordPress1\/index.php?rest_route=\/wp\/v2\/pages\/135\/revisions\/193"}],"up":[{"embeddable":true,"href":"http:\/\/www.kureeri.fi\/WordPress1\/index.php?rest_route=\/wp\/v2\/pages\/22"}],"wp:attachment":[{"href":"http:\/\/www.kureeri.fi\/WordPress1\/index.php?rest_route=%2Fwp%2Fv2%2Fmedia&parent=135"}],"curies":[{"name":"wp","href":"https:\/\/api.w.org\/{rel}","templated":true}]}}