{"id":10,"date":"2011-04-07T12:16:05","date_gmt":"2011-04-07T11:16:05","guid":{"rendered":"http:\/\/www.kureeri.fi\/WordPress1\/?page_id=10"},"modified":"2017-05-22T13:58:19","modified_gmt":"2017-05-22T12:58:19","slug":"pelit","status":"publish","type":"page","link":"http:\/\/www.kureeri.fi\/WordPress1\/?page_id=10","title":{"rendered":"Pelit"},"content":{"rendered":"<p>Tervetuloa pelien maailmaan! Kustannamme ja julkaisemme monenlaisia pelej\u00e4 kaikenik\u00e4isille pelaajille: Lautapeleja, muistipelej\u00e4, tieto\/taktiikkapelej\u00e4 sek\u00e4 erilaisia oppimis- ja liikuntapelej\u00e4.\u00a0 Useiden peliemme teemana on luonto ja kulttuuri. Toivottavasti l\u00f6yd\u00e4t kiinnostavia pelej\u00e4 ja nautit niiden pelaamisesta.<\/p>\n","protected":false},"excerpt":{"rendered":"<p>Tervetuloa pelien maailmaan! Kustannamme ja julkaisemme monenlaisia pelej\u00e4 kaikenik\u00e4isille pelaajille: Lautapeleja, muistipelej\u00e4, tieto\/taktiikkapelej\u00e4 sek\u00e4 erilaisia oppimis- ja liikuntapelej\u00e4.\u00a0 Useiden peliemme teemana on luonto ja kulttuuri. Toivottavasti l\u00f6yd\u00e4t kiinnostavia pelej\u00e4 ja nautit niiden pelaamisesta.<\/p>\n","protected":false},"author":1,"featured_media":0,"parent":0,"menu_order":2,"comment_status":"closed","ping_status":"open","template":"","meta":[],"_links":{"self":[{"href":"http:\/\/www.kureeri.fi\/WordPress1\/index.php?rest_route=\/wp\/v2\/pages\/10"}],"collection":[{"href":"http:\/\/www.kureeri.fi\/WordPress1\/index.php?rest_route=\/wp\/v2\/pages"}],"about":[{"href":"http:\/\/www.kureeri.fi\/WordPress1\/index.php?rest_route=\/wp\/v2\/types\/page"}],"author":[{"embeddable":true,"href":"http:\/\/www.kureeri.fi\/WordPress1\/index.php?rest_route=\/wp\/v2\/users\/1"}],"replies":[{"embeddable":true,"href":"http:\/\/www.kureeri.fi\/WordPress1\/index.php?rest_route=%2Fwp%2Fv2%2Fcomments&post=10"}],"version-history":[{"count":4,"href":"http:\/\/www.kureeri.fi\/WordPress1\/index.php?rest_route=\/wp\/v2\/pages\/10\/revisions"}],"predecessor-version":[{"id":476,"href":"http:\/\/www.kureeri.fi\/WordPress1\/index.php?rest_route=\/wp\/v2\/pages\/10\/revisions\/476"}],"wp:attachment":[{"href":"http:\/\/www.kureeri.fi\/WordPress1\/index.php?rest_route=%2Fwp%2Fv2%2Fmedia&parent=10"}],"curies":[{"name":"wp","href":"https:\/\/api.w.org\/{rel}","templated":true}]}}